{"id":711,"date":"2023-05-01T08:56:53","date_gmt":"2023-05-01T08:56:53","guid":{"rendered":"http:\/\/ml-aquaponics.local\/?page_id=711"},"modified":"2023-05-14T11:06:24","modified_gmt":"2023-05-14T11:06:24","slug":"accueil","status":"publish","type":"page","link":"https:\/\/ml-aquaponics.com\/fr\/accueil\/","title":{"rendered":"Accueil"},"content":{"rendered":"<div class=\"wp-block-cover aligncenter has-small-font-size\" style=\"min-height:449px;aspect-ratio:unset;\"><span aria-hidden=\"true\" class=\"wp-block-cover__background has-background-dim-0 has-background-dim\"><\/span><img loading=\"lazy\" decoding=\"async\" width=\"1891\" height=\"568\" class=\"wp-block-cover__image-background wp-image-72\" alt=\"\" src=\"https:\/\/ml-aquaponics.com\/wp-content\/uploads\/2023\/02\/FAMOUS-PICTURE-GREENHOUSE-edited.jpg\" style=\"object-position:39% 50%\" data-object-fit=\"cover\" data-object-position=\"39% 50%\" srcset=\"https:\/\/ml-aquaponics.com\/wp-content\/uploads\/2023\/02\/FAMOUS-PICTURE-GREENHOUSE-edited.jpg 1891w, https:\/\/ml-aquaponics.com\/wp-content\/uploads\/2023\/02\/FAMOUS-PICTURE-GREENHOUSE-edited-300x90.jpg 300w, https:\/\/ml-aquaponics.com\/wp-content\/uploads\/2023\/02\/FAMOUS-PICTURE-GREENHOUSE-edited-1024x308.jpg 1024w, https:\/\/ml-aquaponics.com\/wp-content\/uploads\/2023\/02\/FAMOUS-PICTURE-GREENHOUSE-edited-768x231.jpg 768w, https:\/\/ml-aquaponics.com\/wp-content\/uploads\/2023\/02\/FAMOUS-PICTURE-GREENHOUSE-edited-1536x461.jpg 1536w\" sizes=\"auto, (max-width: 1891px) 100vw, 1891px\" \/><div class=\"wp-block-cover__inner-container is-layout-flow wp-block-cover-is-layout-flow\">\n<p class=\"has-text-align-center\" style=\"font-size:25px\">Conception de fermes aquaponiques commerciales <\/p>\n<\/div><\/div>\n\n\n\n<div class=\"wp-block-group has-nv-site-bg-background-color has-background\"><div class=\"wp-block-group__inner-container is-layout-constrained wp-block-group-is-layout-constrained\"><div class=\"wp-block-image\">\n<figure class=\"aligncenter size-medium\"><img loading=\"lazy\" decoding=\"async\" width=\"300\" height=\"66\" src=\"https:\/\/ml-aquaponics.com\/wp-content\/uploads\/2023\/05\/Logo-Large-300x66.jpg\" alt=\"\" class=\"wp-image-993\" srcset=\"https:\/\/ml-aquaponics.com\/wp-content\/uploads\/2023\/05\/Logo-Large-300x66.jpg 300w, https:\/\/ml-aquaponics.com\/wp-content\/uploads\/2023\/05\/Logo-Large-1024x227.jpg 1024w, https:\/\/ml-aquaponics.com\/wp-content\/uploads\/2023\/05\/Logo-Large-768x170.jpg 768w, https:\/\/ml-aquaponics.com\/wp-content\/uploads\/2023\/05\/Logo-Large.jpg 1121w\" sizes=\"auto, (max-width: 300px) 100vw, 300px\" \/><\/figure>\n<\/div>\n\n\n<hr class=\"wp-block-separator has-text-color has-nv-site-bg-color has-alpha-channel-opacity has-nv-site-bg-background-color has-background\"\/>\n\n\n\n<div class=\"wp-block-group\"><div class=\"wp-block-group__inner-container is-layout-constrained wp-block-group-is-layout-constrained\">\n<div class=\"wp-block-group\"><div class=\"wp-block-group__inner-container is-layout-constrained wp-block-group-is-layout-constrained\">\n<div class=\"wp-block-group\"><div class=\"wp-block-group__inner-container is-layout-constrained wp-block-group-is-layout-constrained\">\n<div class=\"wp-block-group has-nv-light-bg-background-color has-background\"><div class=\"wp-block-group__inner-container is-layout-constrained wp-block-group-is-layout-constrained\">\n<div class=\"wp-block-group alignwide\"><div class=\"wp-block-group__inner-container is-layout-constrained wp-block-group-is-layout-constrained\">\n<div class=\"wp-block-group alignwide\"><div class=\"wp-block-group__inner-container is-layout-constrained wp-block-group-is-layout-constrained\">\n<div class=\"wp-block-columns are-vertically-aligned-bottom has-nv-light-bg-background-color has-background is-layout-flex wp-container-core-columns-is-layout-9d6595d7 wp-block-columns-is-layout-flex\">\n<div class=\"wp-block-column is-vertically-aligned-bottom is-layout-flow wp-block-column-is-layout-flow\" style=\"flex-basis:100%\">\n<hr class=\"wp-block-separator has-text-color has-nv-light-bg-color has-alpha-channel-opacity has-nv-light-bg-background-color has-background\"\/>\n\n\n\n<p class=\"has-text-align-center has-nv-light-bg-background-color has-text-color has-background\" style=\"color:#325889;font-size:19px\"><strong>Ce que nous offrons<\/strong><\/p>\n<\/div>\n<\/div>\n\n\n\n<div class=\"wp-block-columns alignwide is-layout-flex wp-container-core-columns-is-layout-9d6595d7 wp-block-columns-is-layout-flex\" style=\"font-size:0px\">\n<div class=\"wp-block-column is-vertically-aligned-top has-small-font-size is-layout-flow wp-block-column-is-layout-flow\"><div class=\"wp-block-image is-style-rounded\">\n<figure class=\"aligncenter size-full is-resized\"><a href=\"https:\/\/ml-aquaponics.com\/fr\/services\/#Consulting1\"><img loading=\"lazy\" decoding=\"async\" src=\"https:\/\/ml-aquaponics.com\/wp-content\/uploads\/2023\/05\/Consulting-Icon..jpg\" alt=\"\" class=\"wp-image-999\" width=\"100\" height=\"100\"\/><\/a><\/figure>\n<\/div>\n\n\n<hr class=\"wp-block-separator has-text-color has-nv-light-bg-color has-alpha-channel-opacity has-nv-light-bg-background-color has-background\"\/>\n\n\n\n<p class=\"has-text-align-center has-text-color\" style=\"color:#325889;font-size:18px\"><strong>Consultation<\/strong><\/p>\n<\/div>\n\n\n\n<div class=\"wp-block-column is-vertically-aligned-top has-nv-light-bg-background-color has-background has-small-font-size is-layout-flow wp-block-column-is-layout-flow\"><div class=\"wp-block-image icon-style is-style-rounded\">\n<figure class=\"aligncenter size-full is-resized\"><a href=\"https:\/\/ml-aquaponics.com\/fr\/services\/#Turnkey\"><img loading=\"lazy\" decoding=\"async\" src=\"https:\/\/ml-aquaponics.com\/wp-content\/uploads\/2023\/05\/Turnkey-Logo.jpg\" alt=\"\" class=\"wp-image-997\" width=\"100\" height=\"100\" title=\"\"\/><\/a><\/figure>\n<\/div>\n\n\n<hr class=\"wp-block-separator has-text-color has-nv-light-bg-color has-alpha-channel-opacity has-nv-light-bg-background-color has-background\"\/>\n\n\n\n<p class=\"has-text-align-center has-text-color\" style=\"color:#325889;font-size:18px\"><strong>Cl\u00e9s-en main<\/strong><\/p>\n<\/div>\n\n\n\n<div class=\"wp-block-column has-small-font-size is-layout-flow wp-block-column-is-layout-flow\"><div class=\"wp-block-image icon-style is-style-rounded\">\n<figure class=\"aligncenter size-full is-resized\"><a href=\"https:\/\/ml-aquaponics.com\/fr\/expertise\/\"><img loading=\"lazy\" decoding=\"async\" src=\"https:\/\/ml-aquaponics.com\/wp-content\/uploads\/2023\/05\/Icon-3.jpg\" alt=\"\" class=\"wp-image-758\" width=\"100\" height=\"100\" title=\"\"\/><\/a><\/figure>\n<\/div>\n\n\n<hr class=\"wp-block-separator has-text-color has-nv-light-bg-color has-alpha-channel-opacity has-nv-light-bg-background-color has-background\"\/>\n\n\n\n<p class=\"has-text-align-center has-text-color\" style=\"color:#325889;font-size:18px\"><strong>Savoir-faire<\/strong><\/p>\n<\/div>\n<\/div>\n<\/div><\/div>\n<\/div><\/div>\n<\/div><\/div>\n<\/div><\/div>\n<\/div><\/div>\n<\/div><\/div>\n<\/div><\/div>\n\n\n\n<div class=\"wp-block-group has-nv-light-bg-background-color has-background\"><div class=\"wp-block-group__inner-container is-layout-constrained wp-block-group-is-layout-constrained\">\n<hr class=\"wp-block-separator has-text-color has-nv-light-bg-color has-alpha-channel-opacity has-nv-light-bg-background-color has-background\"\/>\n\n\n\n<hr class=\"wp-block-separator has-text-color has-nv-light-bg-color has-alpha-channel-opacity has-nv-light-bg-background-color has-background\"\/>\n\n\n\n<p class=\"has-text-align-center has-text-color has-medium-font-size\" style=\"color:#325889\"><strong><strong>QUI SOMMES-NOUS<\/strong><\/strong><\/p>\n\n\n\n<div class=\"wp-block-columns are-vertically-aligned-top has-nv-light-bg-background-color has-background has-medium-font-size is-layout-flex wp-container-core-columns-is-layout-9d6595d7 wp-block-columns-is-layout-flex\">\n<div class=\"wp-block-column is-vertically-aligned-top has-medium-font-size is-layout-flow wp-block-column-is-layout-flow\">\n<p style=\"font-size:18px\">ML Aquaponics Inc. est un pionnier mondial de l\u2019aquaponie commerciale, \u00e9tablissant la premi\u00e8re et la plus grande installation aquaponique commerciale de salmonid\u00e9s au monde en 2004.&nbsp;La ferme au Qu\u00e9bec (Canada) a servi d\u2019installation commerciale de R&amp;D de 2004 \u00e0 2017.&nbsp;Le fondateur, Marc Laberge, a travaill\u00e9 avec d\u2019autres pionniers et experts mondiaux pour perfectionner la science de l\u2019aquaponie commerciale.&nbsp;Aujourd\u2019hui, ML Aquaponics se sp\u00e9cialise en consultation en aquaponie et les unit\u00e9s cl\u00e9s en main et poss\u00e8de l\u2019une des \u00e9quipes les plus exp\u00e9riment\u00e9es de l\u2019industrie.<\/p>\n<\/div>\n<\/div>\n<\/div><\/div>\n\n\n<nav class=\"has-text-color has-neve-link-hover-color-color has-background has-custom-1-background-color is-responsive items-justified-right no-wrap wp-block-navigation is-horizontal is-content-justification-right is-nowrap is-layout-flex wp-container-core-navigation-is-layout-f3a42c6d wp-block-navigation-is-layout-flex\" aria-label=\"Navigation 2\" \n\t\t data-wp-interactive=\"core\/navigation\" data-wp-context='{\"overlayOpenedBy\":{\"click\":false,\"hover\":false,\"focus\":false},\"type\":\"overlay\",\"roleAttribute\":\"\",\"ariaLabel\":\"Menu\"}'><button aria-haspopup=\"dialog\" aria-label=\"Ouvrir le menu\" class=\"wp-block-navigation__responsive-container-open\" \n\t\t\t\tdata-wp-on--click=\"actions.openMenuOnClick\"\n\t\t\t\tdata-wp-on--keydown=\"actions.handleMenuKeydown\"\n\t\t\t><svg width=\"24\" height=\"24\" xmlns=\"http:\/\/www.w3.org\/2000\/svg\" viewbox=\"0 0 24 24\"><path d=\"M5 5v1.5h14V5H5z\"><\/path><path d=\"M5 12.8h14v-1.5H5v1.5z\"><\/path><path d=\"M5 19h14v-1.5H5V19z\"><\/path><\/svg><\/button>\n\t\t\t\t<div class=\"wp-block-navigation__responsive-container\"  id=\"modal-1\" \n\t\t\t\tdata-wp-class--has-modal-open=\"state.isMenuOpen\"\n\t\t\t\tdata-wp-class--is-menu-open=\"state.isMenuOpen\"\n\t\t\t\tdata-wp-watch=\"callbacks.initMenu\"\n\t\t\t\tdata-wp-on--keydown=\"actions.handleMenuKeydown\"\n\t\t\t\tdata-wp-on--focusout=\"actions.handleMenuFocusout\"\n\t\t\t\ttabindex=\"-1\"\n\t\t\t>\n\t\t\t\t\t<div class=\"wp-block-navigation__responsive-close\" tabindex=\"-1\">\n\t\t\t\t\t\t<div class=\"wp-block-navigation__responsive-dialog\" \n\t\t\t\tdata-wp-bind--aria-modal=\"state.ariaModal\"\n\t\t\t\tdata-wp-bind--aria-label=\"state.ariaLabel\"\n\t\t\t\tdata-wp-bind--role=\"state.roleAttribute\"\n\t\t\t>\n\t\t\t\t\t\t\t<button aria-label=\"Fermer le menu\" class=\"wp-block-navigation__responsive-container-close\" \n\t\t\t\tdata-wp-on--click=\"actions.closeMenuOnClick\"\n\t\t\t><svg xmlns=\"http:\/\/www.w3.org\/2000\/svg\" viewbox=\"0 0 24 24\" width=\"24\" height=\"24\" aria-hidden=\"true\" focusable=\"false\"><path d=\"m13.06 12 6.47-6.47-1.06-1.06L12 10.94 5.53 4.47 4.47 5.53 10.94 12l-6.47 6.47 1.06 1.06L12 13.06l6.47 6.47 1.06-1.06L13.06 12Z\"><\/path><\/svg><\/button>\n\t\t\t\t\t\t\t<div class=\"wp-block-navigation__responsive-container-content\" \n\t\t\t\tdata-wp-watch=\"callbacks.focusFirstElement\"\n\t\t\t id=\"modal-1-content\">\n\t\t\t\t\t\t\t\t<ul class=\"wp-block-navigation__container has-text-color has-neve-link-hover-color-color has-background has-custom-1-background-color is-responsive items-justified-right no-wrap wp-block-navigation\"><li style=\"font-size:17px;\" class=\"wp-block-navigation-item wp-block-navigation-link\"><a class=\"wp-block-navigation-item__content\"  href=\"https:\/\/ml-aquaponics.com\/fr\/\"><span class=\"wp-block-navigation-item__label\">Accueil<\/span><\/a><\/li><li style=\"font-size:17px;\" class=\"wp-block-navigation-item wp-block-navigation-link\"><a class=\"wp-block-navigation-item__content\"  href=\"https:\/\/ml-aquaponics.com\/fr\/team\/\"><span class=\"wp-block-navigation-item__label\">\u00c9quipe<\/span><\/a><\/li><li style=\"font-size:17px;\" class=\"wp-block-navigation-item wp-block-navigation-link\"><a class=\"wp-block-navigation-item__content\"  href=\"https:\/\/ml-aquaponics.com\/fr\/Services\/\"><span class=\"wp-block-navigation-item__label\">Services<\/span><\/a><\/li><li style=\"font-size:17px;\" class=\"wp-block-navigation-item wp-block-navigation-link\"><a class=\"wp-block-navigation-item__content\"  href=\"https:\/\/ml-aquaponics.com\/fr\/Expertise\/\"><span class=\"wp-block-navigation-item__label\">Expertise<\/span><\/a><\/li><li style=\"font-size:17px;\" class=\"wp-block-navigation-item wp-block-navigation-link\"><a class=\"wp-block-navigation-item__content\"  href=\"https:\/\/ml-aquaponics.com\/fr\/media\/\"><span class=\"wp-block-navigation-item__label\">M\u00e9dias<\/span><\/a><\/li><li style=\"font-size:17px;\" class=\"wp-block-navigation-item wp-block-navigation-link\"><a class=\"wp-block-navigation-item__content\"  href=\"https:\/\/ml-aquaponics.com\/fr\/contact-us\/\"><span class=\"wp-block-navigation-item__label\">Contact<\/span><\/a><\/li><li style=\"font-size:17px;\" class=\"wp-block-navigation-item wp-block-navigation-link\"><a class=\"wp-block-navigation-item__content\"  href=\"https:\/\/ml-aquaponics.com\/fr\/accueil\/\"><span class=\"wp-block-navigation-item__label\">EN<\/span><\/a><\/li><\/ul>\n\t\t\t\t\t\t\t<\/div>\n\t\t\t\t\t\t<\/div>\n\t\t\t\t\t<\/div>\n\t\t\t\t<\/div><\/nav>","protected":false},"excerpt":{"rendered":"<p>Ce que nous offrons Consultation Cl\u00e9s-en main Savoir-faire QUI SOMMES-NOUS ML Aquaponics Inc. est un pionnier mondial de l\u2019aquaponie commerciale, \u00e9tablissant la premi\u00e8re et la plus grande installation aquaponique commerciale de salmonid\u00e9s au monde en 2004.&nbsp;La ferme au Qu\u00e9bec (Canada) a servi d\u2019installation commerciale de R&amp;D de 2004 \u00e0 2017.&nbsp;Le fondateur, Marc Laberge, a travaill\u00e9&hellip;&nbsp;<a href=\"https:\/\/ml-aquaponics.com\/fr\/accueil\/\" rel=\"bookmark\">Lire la suite &raquo;<span class=\"screen-reader-text\">Accueil<\/span><\/a><\/p>","protected":false},"author":1,"featured_media":0,"parent":0,"menu_order":0,"comment_status":"closed","ping_status":"closed","template":"","meta":{"neve_meta_sidebar":"","neve_meta_container":"","neve_meta_enable_content_width":"","neve_meta_content_width":0,"neve_meta_title_alignment":"","neve_meta_author_avatar":"","neve_post_elements_order":"","neve_meta_disable_header":"","neve_meta_disable_footer":"","neve_meta_disable_title":"on","footnotes":""},"class_list":["post-711","page","type-page","status-publish","hentry"],"_links":{"self":[{"href":"https:\/\/ml-aquaponics.com\/fr\/wp-json\/wp\/v2\/pages\/711","targetHints":{"allow":["GET"]}}],"collection":[{"href":"https:\/\/ml-aquaponics.com\/fr\/wp-json\/wp\/v2\/pages"}],"about":[{"href":"https:\/\/ml-aquaponics.com\/fr\/wp-json\/wp\/v2\/types\/page"}],"author":[{"embeddable":true,"href":"https:\/\/ml-aquaponics.com\/fr\/wp-json\/wp\/v2\/users\/1"}],"replies":[{"embeddable":true,"href":"https:\/\/ml-aquaponics.com\/fr\/wp-json\/wp\/v2\/comments?post=711"}],"version-history":[{"count":9,"href":"https:\/\/ml-aquaponics.com\/fr\/wp-json\/wp\/v2\/pages\/711\/revisions"}],"predecessor-version":[{"id":1215,"href":"https:\/\/ml-aquaponics.com\/fr\/wp-json\/wp\/v2\/pages\/711\/revisions\/1215"}],"wp:attachment":[{"href":"https:\/\/ml-aquaponics.com\/fr\/wp-json\/wp\/v2\/media?parent=711"}],"curies":[{"name":"wp","href":"https:\/\/api.w.org\/{rel}","templated":true}]}}