{"id":6,"date":"2023-02-12T00:20:37","date_gmt":"2023-02-12T00:20:37","guid":{"rendered":"http:\/\/ml-aquaponics.local\/portfolio\/"},"modified":"2025-01-24T15:51:06","modified_gmt":"2025-01-24T15:51:06","slug":"services","status":"publish","type":"page","link":"https:\/\/ml-aquaponics.com\/fr\/services\/","title":{"rendered":"Services"},"content":{"rendered":"<div class=\"wp-block-group alignfull\"><div class=\"wp-block-group__inner-container is-layout-constrained wp-block-group-is-layout-constrained\">\n<div class=\"wp-block-group alignfull\"><div class=\"wp-block-group__inner-container is-layout-constrained wp-block-group-is-layout-constrained\">\n<div class=\"wp-block-cover alignfull\" style=\"min-height:311px;aspect-ratio:unset;\"><span aria-hidden=\"true\" class=\"wp-block-cover__background has-nv-site-bg-background-color has-background-dim-100 has-background-dim\"><\/span><div class=\"wp-block-cover__inner-container is-layout-flow wp-block-cover-is-layout-flow\">\n<figure class=\"wp-block-image alignfull size-full\"><img loading=\"lazy\" decoding=\"async\" width=\"1007\" height=\"274\" src=\"https:\/\/ml-aquaponics.com\/wp-content\/uploads\/2023\/04\/Services-Page-Picture.jpg\" alt=\"\" class=\"wp-image-497\" srcset=\"https:\/\/ml-aquaponics.com\/wp-content\/uploads\/2023\/04\/Services-Page-Picture.jpg 1007w, https:\/\/ml-aquaponics.com\/wp-content\/uploads\/2023\/04\/Services-Page-Picture-300x82.jpg 300w, https:\/\/ml-aquaponics.com\/wp-content\/uploads\/2023\/04\/Services-Page-Picture-768x209.jpg 768w\" sizes=\"auto, (max-width: 1007px) 100vw, 1007px\" \/><\/figure>\n\n\n\n<hr class=\"wp-block-separator has-text-color has-nv-site-bg-color has-alpha-channel-opacity has-nv-site-bg-background-color has-background\"\/>\n\n\n\n<div class=\"wp-block-group\"><div class=\"wp-block-group__inner-container is-layout-flow wp-block-group-is-layout-flow\">\n<h1 class=\"wp-block-heading alignwide has-text-align-left has-neve-text-color-color has-text-color\" style=\"font-size:30px\"><mark style=\"background-color:rgba(0, 0, 0, 0);color:#325889\" class=\"has-inline-color\">Services<\/mark><\/h1>\n<\/div><\/div>\n<\/div><\/div>\n\n\n\n<hr class=\"wp-block-separator has-text-color has-nv-site-bg-color has-alpha-channel-opacity has-nv-site-bg-background-color has-background\"\/>\n\n\n\n<hr class=\"wp-block-separator has-text-color has-nv-site-bg-color has-alpha-channel-opacity has-nv-site-bg-background-color has-background\"\/>\n\n\n\n<div class=\"wp-block-group has-small-font-size\"><div class=\"wp-block-group__inner-container is-layout-constrained wp-block-group-is-layout-constrained\">\n<div class=\"wp-block-group alignwide\"><div class=\"wp-block-group__inner-container is-layout-constrained wp-block-group-is-layout-constrained\">\n<div class=\"wp-block-group alignwide\"><div class=\"wp-block-group__inner-container is-layout-constrained wp-block-group-is-layout-constrained\">\n<div class=\"wp-block-group alignwide\"><div class=\"wp-block-group__inner-container is-layout-constrained wp-block-group-is-layout-constrained\">\n<div class=\"wp-block-group alignwide\"><div class=\"wp-block-group__inner-container is-layout-constrained wp-block-group-is-layout-constrained\">\n<div class=\"wp-block-media-text alignwide is-stacked-on-mobile has-small-font-size\" style=\"grid-template-columns:15% auto\"><figure class=\"wp-block-media-text__media\"><img loading=\"lazy\" decoding=\"async\" width=\"100\" height=\"101\" src=\"https:\/\/ml-aquaponics.com\/wp-content\/uploads\/2023\/04\/Icon-1.jpg\" alt=\"\" class=\"wp-image-415 size-full\"\/><\/figure><div class=\"wp-block-media-text__content\">\n<p class=\"has-text-align-left\" id=\"Turnkey1\" style=\"font-size:22px\"><strong><mark style=\"background-color:rgba(0, 0, 0, 0);color:#325889\" class=\"has-inline-color\">Consultation<\/mark><\/strong><\/p>\n<\/div><\/div>\n\n\n\n<hr class=\"wp-block-separator has-text-color has-nv-site-bg-color has-alpha-channel-opacity has-nv-site-bg-background-color has-background\"\/>\n\n\n\n<div class=\"wp-block-group alignfull\"><div class=\"wp-block-group__inner-container is-layout-constrained wp-block-group-is-layout-constrained\">\n<div class=\"wp-block-columns alignfull has-nv-light-bg-background-color has-background has-large-font-size is-layout-flex wp-container-core-columns-is-layout-9d6595d7 wp-block-columns-is-layout-flex\">\n<div class=\"wp-block-column is-layout-flow wp-block-column-is-layout-flow\">\n<div class=\"wp-block-group\"><div class=\"wp-block-group__inner-container is-layout-constrained wp-block-group-is-layout-constrained\">\n<p class=\"has-text-align-center has-medium-font-size\" id=\"&quot;With-you-all-the-way&quot;-\"><strong><strong>Avec vous \u00e0 chaque \u00e9tape<\/strong><\/strong><\/p>\n\n\n\n<div class=\"wp-block-group alignfull\"><div class=\"wp-block-group__inner-container is-layout-constrained wp-block-group-is-layout-constrained\">\n<div class=\"wp-block-group\"><div class=\"wp-block-group__inner-container is-layout-constrained wp-block-group-is-layout-constrained\">\n<p class=\"has-nv-light-bg-background-color has-background\" style=\"font-size:18px\">La conception, la construction et l\u2019exploitation d\u2019une ferme aquaponique ou aquacole commerciale n\u00e9cessitent un niveau d\u2019expertise important. ML Aquaponics vous accompagnera du d\u00e9but \u00e0 la fin pour faire de votre objectif une r\u00e9alit\u00e9. \u00c9tape par \u00e9tape, nous fournissons des conseils solides sur ce qui fonctionne pour minimiser les risques. Nous faisons tout, des plans d\u2019affaires aux plans de construction et supervision, en passant par les horaires des employ\u00e9s et les m\u00e9thodesde fumage du poisson.<\/p>\n\n\n\n<div class=\"wp-block-group is-nowrap is-layout-flex wp-container-core-group-is-layout-ad2f72ca wp-block-group-is-layout-flex\">\n<div class=\"wp-block-group is-vertical is-layout-flex wp-container-core-group-is-layout-8cf370e7 wp-block-group-is-layout-flex\">\n<div class=\"wp-block-group is-vertical is-layout-flex wp-container-core-group-is-layout-8cf370e7 wp-block-group-is-layout-flex\">\n<div class=\"wp-block-group is-vertical is-layout-flex wp-container-core-group-is-layout-8cf370e7 wp-block-group-is-layout-flex\">\n<p style=\"font-size:18px\"><strong>Phase 1 \u2013&nbsp;<\/strong>Besoins des clients \u2013 Taille du projet \u2013 Mise en page du projet \u2013 Logistique du projet \u2013 Finances \u2013 Plan d\u2019affaires<\/p>\n\n\n\n<p style=\"font-size:18px\"><strong>Phase 2 \u2013&nbsp;<\/strong>Dessins d\u00e9taill\u00e9s \u2013 Plansde construction \u2013 Diagrammes d\u2019installation de l\u2019\u00e9quipement<\/p>\n\n\n\n<p style=\"font-size:18px\"><strong>Phase 3 \u2013&nbsp;<\/strong>Achat d\u2019\u00e9quipement \u2013 Coordination de la livraison et synchronisation avec la phase de construction<\/p>\n\n\n\n<p style=\"font-size:18px\"><strong>Phase 4 \u2013&nbsp;<\/strong>Supervision de la construction \u2013 Supervision sur site et \u00e0 distance<\/p>\n\n\n\n<p style=\"font-size:18px\"><strong>Phase 5 \u2013&nbsp;<\/strong>D\u00e9marrage \u2013 Essais d\u2019\u00e9quipement \u2013 Formation en gestion \u2013 Supervision sur site et \u00e0 distance<\/p>\n<\/div>\n<\/div>\n<\/div>\n<\/div>\n<\/div><\/div>\n<\/div><\/div>\n<\/div><\/div>\n<\/div>\n<\/div>\n<\/div><\/div>\n<\/div><\/div>\n<\/div><\/div>\n\n\n\n<figure class=\"wp-block-video\"><video height=\"136\" style=\"aspect-ratio: 300 \/ 136;\" width=\"300\" controls src=\"https:\/\/ml-aquaponics.com\/wp-content\/uploads\/2025\/01\/Model-7-ver5_v720P.mp4\"><\/video><\/figure>\n\n\n\n<p class=\"has-text-align-center\">3D Graphics supplied by Steve R McArthur. E-mail: srmcarthur@gmail.com<\/p>\n\n\n\n<hr class=\"wp-block-separator has-alpha-channel-opacity\"\/>\n\n\n\n<div class=\"wp-block-group alignwide\"><div class=\"wp-block-group__inner-container is-layout-constrained wp-block-group-is-layout-constrained\">\n<div class=\"wp-block-group alignwide\"><div class=\"wp-block-group__inner-container is-layout-constrained wp-block-group-is-layout-constrained\">\n<div class=\"wp-block-group alignwide\"><div class=\"wp-block-group__inner-container is-layout-constrained wp-block-group-is-layout-constrained\">\n<div class=\"wp-block-group alignwide\"><div class=\"wp-block-group__inner-container is-layout-constrained wp-block-group-is-layout-constrained\">\n<div class=\"wp-block-group alignwide\"><div class=\"wp-block-group__inner-container is-layout-constrained wp-block-group-is-layout-constrained\">\n<div class=\"wp-block-group alignwide\"><div class=\"wp-block-group__inner-container is-layout-constrained wp-block-group-is-layout-constrained\">\n<div class=\"wp-block-columns is-layout-flex wp-container-core-columns-is-layout-9d6595d7 wp-block-columns-is-layout-flex\">\n<div class=\"wp-block-column is-layout-flow wp-block-column-is-layout-flow\">\n<div class=\"wp-block-media-text alignwide is-stacked-on-mobile\" style=\"font-size:0px;grid-template-columns:17% auto\"><figure class=\"wp-block-media-text__media\"><img loading=\"lazy\" decoding=\"async\" width=\"141\" height=\"137\" src=\"https:\/\/ml-aquaponics.com\/wp-content\/uploads\/2023\/05\/Icon-2a.jpg\" alt=\"\" class=\"wp-image-790 size-full\"\/><\/figure><div class=\"wp-block-media-text__content\">\n<p class=\"has-text-align-left\" id=\"Turnkey1\" style=\"font-size:22px\"><strong><mark style=\"background-color:rgba(0, 0, 0, 0);color:#325889\" class=\"has-inline-color\">Cl\u00e9 en main<\/mark><\/strong> <strong><mark style=\"background-color:rgba(0, 0, 0, 0);color:#325889\" class=\"has-inline-color\">Facilities<\/mark><\/strong><\/p>\n<\/div><\/div>\n<\/div>\n<\/div>\n\n\n\n<div class=\"wp-block-group alignwide\"><div class=\"wp-block-group__inner-container is-layout-constrained wp-block-group-is-layout-constrained\">\n<div class=\"wp-block-group alignwide has-nv-light-bg-background-color has-background\"><div class=\"wp-block-group__inner-container is-layout-constrained wp-block-group-is-layout-constrained\">\n<div class=\"wp-block-group alignwide\"><div class=\"wp-block-group__inner-container is-layout-constrained wp-block-group-is-layout-constrained\">\n<div class=\"wp-block-group alignwide\"><div class=\"wp-block-group__inner-container is-layout-constrained wp-block-group-is-layout-constrained\">\n<p class=\"has-text-align-center has-medium-font-size\"><strong>Nous concevons des fermes aquaponiques commerciales rentables en serre pour la production d\u2019aliments biologiques \u00e0 longueur d\u2019ann\u00e9e <\/strong><b>production<\/b>.<\/p>\n\n\n\n<hr class=\"wp-block-separator has-text-color has-nv-light-bg-color has-alpha-channel-opacity has-nv-light-bg-background-color has-background\"\/>\n\n\n\n<div class=\"wp-block-group alignwide\"><div class=\"wp-block-group__inner-container is-layout-constrained wp-block-group-is-layout-constrained\">\n<div class=\"wp-block-columns alignwide is-layout-flex wp-container-core-columns-is-layout-9d6595d7 wp-block-columns-is-layout-flex\">\n<div class=\"wp-block-column has-nv-light-bg-background-color has-background is-layout-flow wp-block-column-is-layout-flow\">\n<div class=\"wp-block-media-text is-stacked-on-mobile is-vertically-aligned-top\" style=\"grid-template-columns:25% auto\"><figure class=\"wp-block-media-text__media\"><img loading=\"lazy\" decoding=\"async\" width=\"341\" height=\"539\" src=\"https:\/\/ml-aquaponics.com\/wp-content\/uploads\/2023\/04\/lettuce_harvest_helper.jpg\" alt=\"\" class=\"wp-image-514 size-full\" srcset=\"https:\/\/ml-aquaponics.com\/wp-content\/uploads\/2023\/04\/lettuce_harvest_helper.jpg 341w, https:\/\/ml-aquaponics.com\/wp-content\/uploads\/2023\/04\/lettuce_harvest_helper-190x300.jpg 190w\" sizes=\"auto, (max-width: 341px) 100vw, 341px\" \/><\/figure><div class=\"wp-block-media-text__content\">\n<p style=\"font-size:18px\"><em>Premi\u00e8re r\u00e9colte de laitue \u00e0 l\u2019installation de R&amp;D commerciale de ML Aquaponics au Qu\u00e9bec (Canada). En octobre 2016, l\u2019installation avait produit 3,8 millions de t\u00eates de laitue.<\/em><\/p>\n\n\n\n<p style=\"font-size:18px\">Le Mod\u00e8le-7 est une installation aquaponique rentable et \u00e0 la fine pointe de la technologie qui produit des aliments biologiques toute l\u2019ann\u00e9e, en utilisant des pratiques respectueuses de l\u2019environnement. Sa conception est \u00e9troitement bas\u00e9e sur un mod\u00e8le similaire qui a fonctionn\u00e9 commercialement pendant plus de 12 ans au Qu\u00e9bec. Le Mod\u00e8le-7 peut \u00eatre construit sur des terrains de petite et moyenne taille et offre deux emplois \u00e0 temps plein et plusieurs postes \u00e0 temps partiel. La conception met l\u2019accent sur le bien-\u00eatre des poissons et les faibles co\u00fbts d\u2019entretien et d\u2019exploitation tout en produisant des l\u00e9gumes de qualit\u00e9 sup\u00e9rieure et des filets de poisson fum\u00e9 sur une base hebdomadaire.\n \nL\u2019installation se compose d\u2019une serre Ovaltech\u2122 de 294' x 42' fabriqu\u00e9e par Harnois, d\u2019un b\u00e2timent de service de 31' x 42' et d\u2019une aire d\u2019exp\u00e9dition et de r\u00e9ception de 14' x 20'. Il tire parti des serres de plus petite taille de Harnois tout en tenant compte de l\u2019importance des \u00e9conomies d\u2019\u00e9chelle. Ce mod\u00e8le compact maximise l\u2019utilisation de l\u2019espace, mais ne surcharge pas les zones de travail. Le Mod\u00e8le 7 comprend un syst\u00e8me d\u2019aquaculture en recirculation (RAS) de haute technologie de 10,6 tonnes m\u00e9triques. Le b\u00e2timent de service dispose d\u2019une cuisine pour le personnel, de toilettes, d\u2019un bureau et d\u2019une chambre froide et est \u00e9galement \u00e9quip\u00e9 d\u2019une salle d\u2019abattage, d\u2019une salle de filetage et d\u2019un fumoir pour des capacit\u00e9s compl\u00e8tes de transformation du poisson sur place.<\/p>\n<\/div><\/div>\n<\/div>\n<\/div>\n\n\n\n<div class=\"wp-block-columns alignwide is-layout-flex wp-container-core-columns-is-layout-9d6595d7 wp-block-columns-is-layout-flex\">\n<div class=\"wp-block-column is-layout-flow wp-block-column-is-layout-flow\">\n<p><\/p>\n<\/div>\n<\/div>\n<\/div><\/div>\n<\/div><\/div>\n<\/div><\/div>\n<\/div><\/div>\n<\/div><\/div>\n<\/div><\/div>\n<\/div><\/div>\n<\/div><\/div>\n<\/div><\/div>\n<\/div><\/div>\n<\/div><\/div>\n<\/div><\/div>\n<\/div><\/div>\n<\/div><\/div>\n<\/div><\/div>\n<\/div><\/div>\n\n\n<nav style=\"color: #8596b0;\" class=\"has-text-color is-responsive items-justified-right wp-block-navigation is-content-justification-right is-layout-flex wp-container-core-navigation-is-layout-765c4724 wp-block-navigation-is-layout-flex\" aria-label=\"Navigation 2\" \n\t\t data-wp-interactive=\"core\/navigation\" data-wp-context='{\"overlayOpenedBy\":{\"click\":false,\"hover\":false,\"focus\":false},\"type\":\"overlay\",\"roleAttribute\":\"\",\"ariaLabel\":\"Menu\"}'><button aria-haspopup=\"dialog\" aria-label=\"Ouvrir le menu\" class=\"wp-block-navigation__responsive-container-open\" \n\t\t\t\tdata-wp-on--click=\"actions.openMenuOnClick\"\n\t\t\t\tdata-wp-on--keydown=\"actions.handleMenuKeydown\"\n\t\t\t><svg width=\"24\" height=\"24\" xmlns=\"http:\/\/www.w3.org\/2000\/svg\" viewbox=\"0 0 24 24\" aria-hidden=\"true\" focusable=\"false\"><path d=\"M4 7.5h16v1.5H4z\"><\/path><path d=\"M4 15h16v1.5H4z\"><\/path><\/svg><\/button>\n\t\t\t\t<div class=\"wp-block-navigation__responsive-container\"  id=\"modal-1\" \n\t\t\t\tdata-wp-class--has-modal-open=\"state.isMenuOpen\"\n\t\t\t\tdata-wp-class--is-menu-open=\"state.isMenuOpen\"\n\t\t\t\tdata-wp-watch=\"callbacks.initMenu\"\n\t\t\t\tdata-wp-on--keydown=\"actions.handleMenuKeydown\"\n\t\t\t\tdata-wp-on--focusout=\"actions.handleMenuFocusout\"\n\t\t\t\ttabindex=\"-1\"\n\t\t\t>\n\t\t\t\t\t<div class=\"wp-block-navigation__responsive-close\" tabindex=\"-1\">\n\t\t\t\t\t\t<div class=\"wp-block-navigation__responsive-dialog\" \n\t\t\t\tdata-wp-bind--aria-modal=\"state.ariaModal\"\n\t\t\t\tdata-wp-bind--aria-label=\"state.ariaLabel\"\n\t\t\t\tdata-wp-bind--role=\"state.roleAttribute\"\n\t\t\t>\n\t\t\t\t\t\t\t<button aria-label=\"Fermer le menu\" class=\"wp-block-navigation__responsive-container-close\" \n\t\t\t\tdata-wp-on--click=\"actions.closeMenuOnClick\"\n\t\t\t><svg xmlns=\"http:\/\/www.w3.org\/2000\/svg\" viewbox=\"0 0 24 24\" width=\"24\" height=\"24\" aria-hidden=\"true\" focusable=\"false\"><path d=\"m13.06 12 6.47-6.47-1.06-1.06L12 10.94 5.53 4.47 4.47 5.53 10.94 12l-6.47 6.47 1.06 1.06L12 13.06l6.47 6.47 1.06-1.06L13.06 12Z\"><\/path><\/svg><\/button>\n\t\t\t\t\t\t\t<div class=\"wp-block-navigation__responsive-container-content\" \n\t\t\t\tdata-wp-watch=\"callbacks.focusFirstElement\"\n\t\t\t id=\"modal-1-content\">\n\t\t\t\t\t\t\t\t<ul style=\"color: #8596b0;\" class=\"wp-block-navigation__container has-text-color is-responsive items-justified-right wp-block-navigation\"><li style=\"font-size:17px;\" class=\"wp-block-navigation-item wp-block-navigation-link\"><a class=\"wp-block-navigation-item__content\"  href=\"https:\/\/ml-aquaponics.com\/fr\/\"><span class=\"wp-block-navigation-item__label\">Accueil<\/span><\/a><\/li><li style=\"font-size:17px;\" class=\"wp-block-navigation-item wp-block-navigation-link\"><a class=\"wp-block-navigation-item__content\"  href=\"https:\/\/ml-aquaponics.com\/fr\/team\/\"><span class=\"wp-block-navigation-item__label\">\u00c9quipe<\/span><\/a><\/li><li style=\"font-size:17px;\" class=\"wp-block-navigation-item wp-block-navigation-link\"><a class=\"wp-block-navigation-item__content\"  href=\"https:\/\/ml-aquaponics.com\/fr\/Services\/\"><span class=\"wp-block-navigation-item__label\">Services<\/span><\/a><\/li><li style=\"font-size:17px;\" class=\"wp-block-navigation-item wp-block-navigation-link\"><a class=\"wp-block-navigation-item__content\"  href=\"https:\/\/ml-aquaponics.com\/fr\/Expertise\/\"><span class=\"wp-block-navigation-item__label\">Expertise<\/span><\/a><\/li><li style=\"font-size:17px;\" class=\"wp-block-navigation-item wp-block-navigation-link\"><a class=\"wp-block-navigation-item__content\"  href=\"https:\/\/ml-aquaponics.com\/fr\/media\/\"><span class=\"wp-block-navigation-item__label\">M\u00e9dias<\/span><\/a><\/li><li style=\"font-size:17px;\" class=\"wp-block-navigation-item wp-block-navigation-link\"><a class=\"wp-block-navigation-item__content\"  href=\"https:\/\/ml-aquaponics.com\/fr\/contact-us\/\"><span class=\"wp-block-navigation-item__label\">Contact<\/span><\/a><\/li><li style=\"font-size:17px;\" class=\"wp-block-navigation-item wp-block-navigation-link\"><a class=\"wp-block-navigation-item__content\"  href=\"https:\/\/ml-aquaponics.com\/fr\/accueil\/\"><span class=\"wp-block-navigation-item__label\">EN<\/span><\/a><\/li><\/ul>\n\t\t\t\t\t\t\t<\/div>\n\t\t\t\t\t\t<\/div>\n\t\t\t\t\t<\/div>\n\t\t\t\t<\/div><\/nav>","protected":false},"excerpt":{"rendered":"<p>Consulting With you every step of the way Designing, building and operating a commercial aquaponic or aquaculture farm requires a significant level of expertise. ML Aquaponics will be with you from start to finish to make your goal a reality. Step by step, we provide solid guidance and advice on what works to minimize the&hellip;&nbsp;<a href=\"https:\/\/ml-aquaponics.com\/fr\/services\/\" rel=\"bookmark\">Lire la suite &raquo;<span class=\"screen-reader-text\">Services<\/span><\/a><\/p>","protected":false},"author":1,"featured_media":497,"parent":0,"menu_order":2,"comment_status":"closed","ping_status":"closed","template":"","meta":{"neve_meta_sidebar":"full-width","neve_meta_container":"","neve_meta_enable_content_width":"on","neve_meta_content_width":100,"neve_meta_title_alignment":"center","neve_meta_author_avatar":"","neve_post_elements_order":"","neve_meta_disable_header":"","neve_meta_disable_footer":"","neve_meta_disable_title":"on","footnotes":""},"class_list":["post-6","page","type-page","status-publish","has-post-thumbnail","hentry"],"_links":{"self":[{"href":"https:\/\/ml-aquaponics.com\/fr\/wp-json\/wp\/v2\/pages\/6","targetHints":{"allow":["GET"]}}],"collection":[{"href":"https:\/\/ml-aquaponics.com\/fr\/wp-json\/wp\/v2\/pages"}],"about":[{"href":"https:\/\/ml-aquaponics.com\/fr\/wp-json\/wp\/v2\/types\/page"}],"author":[{"embeddable":true,"href":"https:\/\/ml-aquaponics.com\/fr\/wp-json\/wp\/v2\/users\/1"}],"replies":[{"embeddable":true,"href":"https:\/\/ml-aquaponics.com\/fr\/wp-json\/wp\/v2\/comments?post=6"}],"version-history":[{"count":90,"href":"https:\/\/ml-aquaponics.com\/fr\/wp-json\/wp\/v2\/pages\/6\/revisions"}],"predecessor-version":[{"id":1380,"href":"https:\/\/ml-aquaponics.com\/fr\/wp-json\/wp\/v2\/pages\/6\/revisions\/1380"}],"wp:featuredmedia":[{"embeddable":true,"href":"https:\/\/ml-aquaponics.com\/fr\/wp-json\/wp\/v2\/media\/497"}],"wp:attachment":[{"href":"https:\/\/ml-aquaponics.com\/fr\/wp-json\/wp\/v2\/media?parent=6"}],"curies":[{"name":"wp","href":"https:\/\/api.w.org\/{rel}","templated":true}]}}