{"id":591,"date":"2023-04-16T04:18:05","date_gmt":"2023-04-16T04:18:05","guid":{"rendered":"http:\/\/ml-aquaponics.local\/?page_id=591"},"modified":"2023-06-01T20:19:47","modified_gmt":"2023-06-01T20:19:47","slug":"expertise","status":"publish","type":"page","link":"https:\/\/ml-aquaponics.com\/fr\/expertise\/","title":{"rendered":"Expertise"},"content":{"rendered":"<figure class=\"wp-block-image alignfull size-full\"><img loading=\"lazy\" decoding=\"async\" width=\"1017\" height=\"236\" src=\"https:\/\/ml-aquaponics.com\/wp-content\/uploads\/2023\/05\/Expertise.jpg\" alt=\"\" class=\"wp-image-1054\" srcset=\"https:\/\/ml-aquaponics.com\/wp-content\/uploads\/2023\/05\/Expertise.jpg 1017w, https:\/\/ml-aquaponics.com\/wp-content\/uploads\/2023\/05\/Expertise-300x70.jpg 300w, https:\/\/ml-aquaponics.com\/wp-content\/uploads\/2023\/05\/Expertise-768x178.jpg 768w\" sizes=\"auto, (max-width: 1017px) 100vw, 1017px\" \/><\/figure>\n\n\n\n<hr class=\"wp-block-separator has-text-color has-nv-site-bg-color has-alpha-channel-opacity has-nv-site-bg-background-color has-background\"\/>\n\n\n\n<div class=\"wp-block-group alignwide\"><div class=\"wp-block-group__inner-container is-layout-constrained wp-block-group-is-layout-constrained\">\n<p class=\"has-text-align-left has-text-color\" style=\"color:#808080;font-size:34px\"><strong><mark style=\"background-color:rgba(0, 0, 0, 0);color:#325889\" class=\"has-inline-color\">Expertise<\/mark><\/strong><\/p>\n\n\n\n<div style=\"height:40px\" aria-hidden=\"true\" class=\"wp-block-spacer\"><\/div>\n\n\n\n<div class=\"wp-block-group is-content-justification-center is-nowrap is-layout-flex wp-container-core-group-is-layout-94bc23d7 wp-block-group-is-layout-flex\">\n<div class=\"wp-block-columns is-layout-flex wp-container-core-columns-is-layout-9d6595d7 wp-block-columns-is-layout-flex\">\n<div class=\"wp-block-column is-layout-flow wp-block-column-is-layout-flow\" style=\"flex-basis:80%\">\n<figure class=\"wp-block-image size-full\"><img loading=\"lazy\" decoding=\"async\" width=\"102\" height=\"104\" src=\"https:\/\/ml-aquaponics.com\/wp-content\/uploads\/2023\/05\/Icon-3.jpg\" alt=\"\" class=\"wp-image-758\"\/><\/figure>\n<\/div>\n<\/div>\n\n\n\n<p class=\"has-text-align-center has-text-color\" style=\"color:#325889;font-size:26px\"><strong>Aquaculture<\/strong><\/p>\n<\/div>\n\n\n\n<hr class=\"wp-block-separator has-text-color has-nv-site-bg-color has-alpha-channel-opacity has-nv-site-bg-background-color has-background\"\/>\n\n\n\n<div class=\"wp-block-columns alignwide has-nv-light-bg-background-color has-background is-layout-flex wp-container-core-columns-is-layout-9d6595d7 wp-block-columns-is-layout-flex\">\n<div class=\"wp-block-column is-layout-flow wp-block-column-is-layout-flow\">\n<p class=\"has-text-align-center has-medium-font-size\"><strong>Une exp\u00e9rience qui compte !<\/strong><\/p>\n\n\n\n<div class=\"wp-block-columns is-layout-flex wp-container-core-columns-is-layout-9d6595d7 wp-block-columns-is-layout-flex\">\n<div class=\"wp-block-column is-vertically-aligned-top is-layout-flow wp-block-column-is-layout-flow\" style=\"flex-basis:33.33%\"><div class=\"wp-block-image\">\n<figure class=\"aligncenter size-full\"><img loading=\"lazy\" decoding=\"async\" width=\"391\" height=\"283\" src=\"https:\/\/ml-aquaponics.com\/wp-content\/uploads\/2023\/04\/Fish.jpg\" alt=\"\" class=\"wp-image-602\" srcset=\"https:\/\/ml-aquaponics.com\/wp-content\/uploads\/2023\/04\/Fish.jpg 391w, https:\/\/ml-aquaponics.com\/wp-content\/uploads\/2023\/04\/Fish-300x217.jpg 300w\" sizes=\"auto, (max-width: 391px) 100vw, 391px\" \/><\/figure>\n<\/div><\/div>\n\n\n\n<div class=\"wp-block-column has-small-font-size is-layout-flow wp-block-column-is-layout-flow\" style=\"flex-basis:80%\">\n<p style=\"font-size:17px\">ML Aquaponics se sp\u00e9cialise dans le domaine des syst\u00e8mes d\u2019aquaculture en recirculation connus sous le nom de RAS. Le fondateur, Marc Laberge, a acquis une vaste expertise en RAS en travaillant avec Dave Conley et le Dr Mark Curtis \u00e0 l\u2019Institut de parasitologie de l\u2019Universit\u00e9 McGill (Montr\u00e9al, Qu\u00e9bec, Canada). Ses connaissances ont servi de fondement aux installations aquacoles terrestres \u00e0 la fine pointe de la technologie de notre entreprise. ML Aquaponics con\u00e7oit et exploite des fermes de serre qui se concentrent sur le bien-\u00eatre des poissons et les faibles co\u00fbts d\u2019entretien et d\u2019exploitation tout en produisant du poisson de qualit\u00e9 sup\u00e9rieure sur une base hebdomadaire. Nos conceptions produisent de 10 \u00e0 240+ tonnes m\u00e9triques de poisson par an.\nLa vision de ML Aquaponics est de cr\u00e9er des fermes piscicoles z\u00e9ro \u00e9mission et non polluantes. Les effluents minimes mais riches en nutriments de nos syst\u00e8mes RAS peuvent \u00eatre envoy\u00e9s dans les serres voisines ou les plates-bandes verticales pour \u00eatre utilis\u00e9s comme engrais liquide organique naturel, ou concentr\u00e9s \u00e0 l\u2019aide de technologies de pointe pour une r\u00e9utilisation respectueuse de l\u2019environnement.<\/p>\n<\/div>\n<\/div>\n<\/div>\n<\/div>\n\n\n\n<hr class=\"wp-block-separator has-text-color has-nv-site-bg-color has-alpha-channel-opacity has-nv-site-bg-background-color has-background\"\/>\n\n\n\n<div class=\"wp-block-group is-content-justification-center is-nowrap is-layout-flex wp-container-core-group-is-layout-94bc23d7 wp-block-group-is-layout-flex\">\n<div class=\"wp-block-columns is-layout-flex wp-container-core-columns-is-layout-9d6595d7 wp-block-columns-is-layout-flex\">\n<div class=\"wp-block-column is-layout-flow wp-block-column-is-layout-flow\" style=\"flex-basis:80%\"><div class=\"wp-block-image\">\n<figure class=\"aligncenter size-full\"><img loading=\"lazy\" decoding=\"async\" width=\"102\" height=\"104\" src=\"https:\/\/ml-aquaponics.com\/wp-content\/uploads\/2023\/05\/Icon-3.jpg\" alt=\"\" class=\"wp-image-758\"\/><\/figure>\n<\/div><\/div>\n<\/div>\n\n\n\n<p class=\"has-text-align-center has-text-color\" style=\"color:#325889;font-size:26px\"><strong>Aquaponie<\/strong><\/p>\n<\/div>\n\n\n\n<hr class=\"wp-block-separator has-text-color has-nv-site-bg-color has-alpha-channel-opacity has-nv-site-bg-background-color has-background\"\/>\n\n\n\n<div class=\"wp-block-columns alignwide has-nv-light-bg-background-color has-background is-layout-flex wp-container-core-columns-is-layout-9d6595d7 wp-block-columns-is-layout-flex\">\n<div class=\"wp-block-column is-layout-flow wp-block-column-is-layout-flow\">\n<p class=\"has-text-align-center has-medium-font-size\"><strong><strong>Le design est tout<\/strong><\/strong><\/p>\n\n\n\n<div class=\"wp-block-columns is-layout-flex wp-container-core-columns-is-layout-9d6595d7 wp-block-columns-is-layout-flex\">\n<div class=\"wp-block-column is-vertically-aligned-top is-layout-flow wp-block-column-is-layout-flow\" style=\"flex-basis:33.33%\"><div class=\"wp-block-image\">\n<figure class=\"aligncenter size-large\"><img loading=\"lazy\" decoding=\"async\" width=\"1024\" height=\"677\" src=\"https:\/\/ml-aquaponics.com\/wp-content\/uploads\/2023\/05\/DCP_0748-1024x677.jpg\" alt=\"\" class=\"wp-image-1052\" srcset=\"https:\/\/ml-aquaponics.com\/wp-content\/uploads\/2023\/05\/DCP_0748-1024x677.jpg 1024w, https:\/\/ml-aquaponics.com\/wp-content\/uploads\/2023\/05\/DCP_0748-300x198.jpg 300w, https:\/\/ml-aquaponics.com\/wp-content\/uploads\/2023\/05\/DCP_0748-768x507.jpg 768w, https:\/\/ml-aquaponics.com\/wp-content\/uploads\/2023\/05\/DCP_0748-1536x1015.jpg 1536w, https:\/\/ml-aquaponics.com\/wp-content\/uploads\/2023\/05\/DCP_0748.jpg 1792w\" sizes=\"auto, (max-width: 1024px) 100vw, 1024px\" \/><figcaption class=\"wp-element-caption\"><em>Marc Laberge avec une t\u00eate parfaite de laitue de Boston dans son laboratoire de recherche en 2002<\/em><\/figcaption><\/figure>\n<\/div><\/div>\n\n\n\n<div class=\"wp-block-column has-small-font-size is-layout-flow wp-block-column-is-layout-flow\" style=\"flex-basis:80%\">\n<p style=\"font-size:17px\">Le moteur de toute installation aquaponique est le composant RAS (syst\u00e8me d\u2019aquaculture en recirculation). Sa taille, \u00e9valu\u00e9e en puissance piscicole, d\u00e9terminera la quantit\u00e9 et le type de plantes qui peuvent \u00eatre cultiv\u00e9es. L\u2019importance d\u2019un flux constant de nutriments constants ne peut pas \u00eatre surestim\u00e9e; si le moteur n\u2019est pas correctement con\u00e7u, toute la ferme aquaponique peut \u00e9chouer. Le design est tout, et une solide exp\u00e9rience commerciale pratique est cruciale lors de la cr\u00e9ation d\u2019un design.\nDes ann\u00e9es de recherche dans un centre de recherche priv\u00e9, suivies de plus de 12 ans d\u2019exploitation commerciale, ont fait de ML Aquaponics Inc. l\u2019un des pionniers mondiaux de l\u2019aquaponie commerciale.\nMarc Laberge avecune t\u00eate parfaite de laitue de Boston dans son laboratoire de recherche en 1999.\nML Aquaponics se sp\u00e9cialise dans la combinaison de poissons haut de gamme (comme la truite) et de l\u00e9gumes-feuilles, mais les installations peuvent \u00e9galement faire pousser des cultures fruiti\u00e8res. Le fondateur de l\u2019entreprise, Marc Laberge, a utilis\u00e9 sa vaste expertise en RAS pour \u00e9tablir des syst\u00e8mes aquaponiques en eau claire capables de soutenir des esp\u00e8ces de poissons fragiles telles que la truite arc-en-ciel dans les serres. Les conceptions sont adapt\u00e9es aux besoins du client en fonction de ses march\u00e9s disponibles. Le poisson et les cultures peuvent \u00eatre admissibles \u00e0 la certification biologique au Canada en vertu du nouveau R\u00e8glement canadien sur l\u2019aquaculture biologique (CAN\/CGSB-32.312 Syst\u00e8mes de production biologique : Aquaculture \u2014 Principes g\u00e9n\u00e9raux, normes de gestion et listes des substances permises). <\/p>\n\n\n\n<p style=\"font-size:17px\">ML Aquaponics se sp\u00e9cialise dans la combinaison de poissons haut de gamme (comme la truite) et de l\u00e9gumes-feuilles, mais les installations peuvent \u00e9galement faire pousser des cultures fruiti\u00e8res. Le fondateur de l\u2019entreprise, Marc Laberge, a utilis\u00e9 sa vaste expertise en RAS pour \u00e9tablir des syst\u00e8mes aquaponiques en eau claire capables de soutenir des esp\u00e8ces de poissons fragiles telles que la truite arc-en-ciel dans les serres. Les conceptions sont adapt\u00e9es aux besoins du client en fonction de ses march\u00e9s disponibles. Le poisson et les cultures peuvent \u00eatre admissibles \u00e0 la certification biologique au Canada en vertu du nouveau R\u00e8glement canadien sur l\u2019aquaculture biologique<\/p>\n\n\n\n<p style=\"font-size:17px\">(<a href=\"https:\/\/publications.gc.ca\/site\/fra\/9.851013\/publication.html\" target=\"_blank\" rel=\"noreferrer noopener\">CAN\/CGSB-32.312 Syst\u00e8mes de production biologique : Aquaculture Principes g\u00e9n\u00e9raux, normes de gestion\net listes de substances autoris\u00e9es.<\/a>).<\/p>\n<\/div>\n<\/div>\n<\/div>\n<\/div>\n\n\n\n<div class=\"wp-block-columns alignwide has-nv-light-bg-background-color has-background is-layout-flex wp-container-core-columns-is-layout-9d6595d7 wp-block-columns-is-layout-flex\">\n<div class=\"wp-block-column is-layout-flow wp-block-column-is-layout-flow\">\n<div style=\"height:100px\" aria-hidden=\"true\" class=\"wp-block-spacer\"><\/div>\n\n\n\n<p class=\"has-text-align-center\" style=\"font-size:18px\"><em>Journ\u00e9e de r\u00e9colte \u00e0 la serre de R&amp;D commerciale de ML Aquaponics (octobre 2012)<\/em><\/p>\n<\/div>\n\n\n\n<div class=\"wp-block-column is-layout-flow wp-block-column-is-layout-flow\"><div class=\"wp-block-image\">\n<figure class=\"aligncenter size-full\"><img loading=\"lazy\" decoding=\"async\" width=\"571\" height=\"535\" src=\"https:\/\/ml-aquaponics.com\/wp-content\/uploads\/2023\/05\/Capture-edit.jpg\" alt=\"\" class=\"wp-image-1053\" srcset=\"https:\/\/ml-aquaponics.com\/wp-content\/uploads\/2023\/05\/Capture-edit.jpg 571w, https:\/\/ml-aquaponics.com\/wp-content\/uploads\/2023\/05\/Capture-edit-300x281.jpg 300w\" sizes=\"auto, (max-width: 571px) 100vw, 571px\" \/><\/figure>\n<\/div><\/div>\n<\/div>\n<\/div><\/div>\n\n\n<nav style=\"color: #8596b0;\" class=\"has-text-color is-responsive items-justified-right wp-block-navigation is-content-justification-right is-layout-flex wp-container-core-navigation-is-layout-765c4724 wp-block-navigation-is-layout-flex\" aria-label=\"Navigation 2\" \n\t\t data-wp-interactive=\"core\/navigation\" data-wp-context='{\"overlayOpenedBy\":{\"click\":false,\"hover\":false,\"focus\":false},\"type\":\"overlay\",\"roleAttribute\":\"\",\"ariaLabel\":\"Menu\"}'><button aria-haspopup=\"dialog\" aria-label=\"Ouvrir le menu\" class=\"wp-block-navigation__responsive-container-open\" \n\t\t\t\tdata-wp-on--click=\"actions.openMenuOnClick\"\n\t\t\t\tdata-wp-on--keydown=\"actions.handleMenuKeydown\"\n\t\t\t><svg width=\"24\" height=\"24\" xmlns=\"http:\/\/www.w3.org\/2000\/svg\" viewbox=\"0 0 24 24\" aria-hidden=\"true\" focusable=\"false\"><path d=\"M4 7.5h16v1.5H4z\"><\/path><path d=\"M4 15h16v1.5H4z\"><\/path><\/svg><\/button>\n\t\t\t\t<div class=\"wp-block-navigation__responsive-container\"  id=\"modal-1\" \n\t\t\t\tdata-wp-class--has-modal-open=\"state.isMenuOpen\"\n\t\t\t\tdata-wp-class--is-menu-open=\"state.isMenuOpen\"\n\t\t\t\tdata-wp-watch=\"callbacks.initMenu\"\n\t\t\t\tdata-wp-on--keydown=\"actions.handleMenuKeydown\"\n\t\t\t\tdata-wp-on--focusout=\"actions.handleMenuFocusout\"\n\t\t\t\ttabindex=\"-1\"\n\t\t\t>\n\t\t\t\t\t<div class=\"wp-block-navigation__responsive-close\" tabindex=\"-1\">\n\t\t\t\t\t\t<div class=\"wp-block-navigation__responsive-dialog\" \n\t\t\t\tdata-wp-bind--aria-modal=\"state.ariaModal\"\n\t\t\t\tdata-wp-bind--aria-label=\"state.ariaLabel\"\n\t\t\t\tdata-wp-bind--role=\"state.roleAttribute\"\n\t\t\t>\n\t\t\t\t\t\t\t<button aria-label=\"Fermer le menu\" class=\"wp-block-navigation__responsive-container-close\" \n\t\t\t\tdata-wp-on--click=\"actions.closeMenuOnClick\"\n\t\t\t><svg xmlns=\"http:\/\/www.w3.org\/2000\/svg\" viewbox=\"0 0 24 24\" width=\"24\" height=\"24\" aria-hidden=\"true\" focusable=\"false\"><path d=\"m13.06 12 6.47-6.47-1.06-1.06L12 10.94 5.53 4.47 4.47 5.53 10.94 12l-6.47 6.47 1.06 1.06L12 13.06l6.47 6.47 1.06-1.06L13.06 12Z\"><\/path><\/svg><\/button>\n\t\t\t\t\t\t\t<div class=\"wp-block-navigation__responsive-container-content\" \n\t\t\t\tdata-wp-watch=\"callbacks.focusFirstElement\"\n\t\t\t id=\"modal-1-content\">\n\t\t\t\t\t\t\t\t<ul style=\"color: #8596b0;\" class=\"wp-block-navigation__container has-text-color is-responsive items-justified-right wp-block-navigation\"><li style=\"font-size:17px;\" class=\"wp-block-navigation-item wp-block-navigation-link\"><a class=\"wp-block-navigation-item__content\"  href=\"https:\/\/ml-aquaponics.com\/fr\/\"><span class=\"wp-block-navigation-item__label\">Accueil<\/span><\/a><\/li><li style=\"font-size:17px;\" class=\"wp-block-navigation-item wp-block-navigation-link\"><a class=\"wp-block-navigation-item__content\"  href=\"https:\/\/ml-aquaponics.com\/fr\/team\/\"><span class=\"wp-block-navigation-item__label\">\u00c9quipe<\/span><\/a><\/li><li style=\"font-size:17px;\" class=\"wp-block-navigation-item wp-block-navigation-link\"><a class=\"wp-block-navigation-item__content\"  href=\"https:\/\/ml-aquaponics.com\/fr\/Services\/\"><span class=\"wp-block-navigation-item__label\">Services<\/span><\/a><\/li><li style=\"font-size:17px;\" class=\"wp-block-navigation-item wp-block-navigation-link\"><a class=\"wp-block-navigation-item__content\"  href=\"https:\/\/ml-aquaponics.com\/fr\/Expertise\/\"><span class=\"wp-block-navigation-item__label\">Expertise<\/span><\/a><\/li><li style=\"font-size:17px;\" class=\"wp-block-navigation-item wp-block-navigation-link\"><a class=\"wp-block-navigation-item__content\"  href=\"https:\/\/ml-aquaponics.com\/fr\/media\/\"><span class=\"wp-block-navigation-item__label\">M\u00e9dias<\/span><\/a><\/li><li style=\"font-size:17px;\" class=\"wp-block-navigation-item wp-block-navigation-link\"><a class=\"wp-block-navigation-item__content\"  href=\"https:\/\/ml-aquaponics.com\/fr\/contact-us\/\"><span class=\"wp-block-navigation-item__label\">Contact<\/span><\/a><\/li><li style=\"font-size:17px;\" class=\"wp-block-navigation-item wp-block-navigation-link\"><a class=\"wp-block-navigation-item__content\"  href=\"https:\/\/ml-aquaponics.com\/fr\/accueil\/\"><span class=\"wp-block-navigation-item__label\">EN<\/span><\/a><\/li><\/ul>\n\t\t\t\t\t\t\t<\/div>\n\t\t\t\t\t\t<\/div>\n\t\t\t\t\t<\/div>\n\t\t\t\t<\/div><\/nav>","protected":false},"excerpt":{"rendered":"<p>Expertise Aquaculture &#8220;Experience That Counts!&#8221; ML Aquaponics specializes in the field of Recirculating Aquaculture Systems known as RAS. The founder, Marc Laberge, gained extensive RAS expertise working with Dave Conley and Dr. Mark Curtis at the Institute of Parasitology of McGill University (Montreal, Quebec, Canada). His knowledge has served as the foundation of the company\u2019s&hellip;&nbsp;<a href=\"https:\/\/ml-aquaponics.com\/fr\/expertise\/\" rel=\"bookmark\">Lire la suite &raquo;<span class=\"screen-reader-text\">Expertise<\/span><\/a><\/p>","protected":false},"author":1,"featured_media":0,"parent":0,"menu_order":3,"comment_status":"closed","ping_status":"closed","template":"","meta":{"neve_meta_sidebar":"","neve_meta_container":"","neve_meta_enable_content_width":"","neve_meta_content_width":0,"neve_meta_title_alignment":"left","neve_meta_author_avatar":"","neve_post_elements_order":"","neve_meta_disable_header":"off","neve_meta_disable_footer":"","neve_meta_disable_title":"on","footnotes":""},"class_list":["post-591","page","type-page","status-publish","hentry"],"_links":{"self":[{"href":"https:\/\/ml-aquaponics.com\/fr\/wp-json\/wp\/v2\/pages\/591","targetHints":{"allow":["GET"]}}],"collection":[{"href":"https:\/\/ml-aquaponics.com\/fr\/wp-json\/wp\/v2\/pages"}],"about":[{"href":"https:\/\/ml-aquaponics.com\/fr\/wp-json\/wp\/v2\/types\/page"}],"author":[{"embeddable":true,"href":"https:\/\/ml-aquaponics.com\/fr\/wp-json\/wp\/v2\/users\/1"}],"replies":[{"embeddable":true,"href":"https:\/\/ml-aquaponics.com\/fr\/wp-json\/wp\/v2\/comments?post=591"}],"version-history":[{"count":25,"href":"https:\/\/ml-aquaponics.com\/fr\/wp-json\/wp\/v2\/pages\/591\/revisions"}],"predecessor-version":[{"id":1358,"href":"https:\/\/ml-aquaponics.com\/fr\/wp-json\/wp\/v2\/pages\/591\/revisions\/1358"}],"wp:attachment":[{"href":"https:\/\/ml-aquaponics.com\/fr\/wp-json\/wp\/v2\/media?parent=591"}],"curies":[{"name":"wp","href":"https:\/\/api.w.org\/{rel}","templated":true}]}}