{"id":2,"date":"2023-02-11T23:19:18","date_gmt":"2023-02-11T23:19:18","guid":{"rendered":"http:\/\/ml-aquaponics.local\/?page_id=2"},"modified":"2023-06-01T21:17:33","modified_gmt":"2023-06-01T21:17:33","slug":"media","status":"publish","type":"page","link":"https:\/\/ml-aquaponics.com\/fr\/media\/","title":{"rendered":"M\u00e9dias"},"content":{"rendered":"<figure class=\"wp-block-image alignfull size-full is-style-default\"><img loading=\"lazy\" decoding=\"async\" width=\"1016\" height=\"286\" src=\"http:\/\/ml-aquaponics.local\/wp-content\/uploads\/2023\/04\/Media-Heder-Picture.jpg\" alt=\"\" class=\"wp-image-467\" srcset=\"https:\/\/ml-aquaponics.com\/wp-content\/uploads\/2023\/04\/Media-Heder-Picture.jpg 1016w, https:\/\/ml-aquaponics.com\/wp-content\/uploads\/2023\/04\/Media-Heder-Picture-300x84.jpg 300w, https:\/\/ml-aquaponics.com\/wp-content\/uploads\/2023\/04\/Media-Heder-Picture-768x216.jpg 768w\" sizes=\"auto, (max-width: 1016px) 100vw, 1016px\" \/><\/figure>\n\n\n\n<h2 class=\"wp-block-heading alignwide has-nv-text-dark-bg-background-color has-text-color has-background\" style=\"color:#325889;font-size:34px\"><strong><mark style=\"background-color:rgba(0, 0, 0, 0);color:#325889\" class=\"has-inline-color\">M\u00e9dias<\/mark><\/strong><\/h2>\n\n\n\n<p class=\"has-text-align-center has-nv-dark-bg-color has-text-color has-background has-medium-font-size\" style=\"background-color:#8596b9\"><strong><mark style=\"background-color:rgba(0, 0, 0, 0)\" class=\"has-inline-color has-nv-site-bg-color\">Articles<\/mark><\/strong><\/p>\n\n\n\n<div class=\"wp-block-group is-vertical is-content-justification-center is-layout-flex wp-container-core-group-is-layout-4b2eccd6 wp-block-group-is-layout-flex\"><div class=\"wp-block-image\">\n<figure class=\"aligncenter size-full is-resized\"><img loading=\"lazy\" decoding=\"async\" src=\"https:\/\/ml-aquaponics.com\/wp-content\/uploads\/2023\/02\/Radio-Canada-Logo-2.jpg\" alt=\"\" class=\"wp-image-260\" width=\"249\" height=\"102\" srcset=\"https:\/\/ml-aquaponics.com\/wp-content\/uploads\/2023\/02\/Radio-Canada-Logo-2.jpg 337w, https:\/\/ml-aquaponics.com\/wp-content\/uploads\/2023\/02\/Radio-Canada-Logo-2-300x123.jpg 300w\" sizes=\"auto, (max-width: 249px) 100vw, 249px\" \/><\/figure>\n<\/div>\n\n<div class=\"wp-block-image\">\n<figure class=\"aligncenter size-full\"><a href=\"https:\/\/ici.radio-canada.ca\/tele\/la-semaine-verte\/2015-2016\/segments\/reportage\/4639\/aquaponie-poissons-laitues-culture-elevage\" target=\"_blank\" rel=\"noreferrer noopener\"><img loading=\"lazy\" decoding=\"async\" width=\"718\" height=\"426\" src=\"https:\/\/ml-aquaponics.com\/wp-content\/uploads\/2023\/05\/Video-Link.jpg\" alt=\"\" class=\"wp-image-1056\" srcset=\"https:\/\/ml-aquaponics.com\/wp-content\/uploads\/2023\/05\/Video-Link.jpg 718w, https:\/\/ml-aquaponics.com\/wp-content\/uploads\/2023\/05\/Video-Link-300x178.jpg 300w\" sizes=\"auto, (max-width: 718px) 100vw, 718px\" \/><\/a><\/figure>\n<\/div><\/div>\n\n\n\n<hr class=\"wp-block-separator has-text-color has-nv-site-bg-color has-alpha-channel-opacity has-nv-site-bg-background-color has-background\"\/>\n\n\n\n<div class=\"wp-block-group alignwide is-content-justification-center is-nowrap is-layout-flex wp-container-core-group-is-layout-94bc23d7 wp-block-group-is-layout-flex\">\n<figure class=\"wp-block-image size-full is-resized\"><a href=\"https:\/\/www.hortidaily.com\/article\/9018583\/we-take-the-guessing-out-of-commercial-aquaponics\/\" target=\"_blank\" rel=\"noreferrer noopener\"><img loading=\"lazy\" decoding=\"async\" src=\"https:\/\/ml-aquaponics.com\/wp-content\/uploads\/2023\/05\/Horti-Daily-Logo-Button.jpg\" alt=\"\" class=\"wp-image-1060\" width=\"253\" height=\"151\" srcset=\"https:\/\/ml-aquaponics.com\/wp-content\/uploads\/2023\/05\/Horti-Daily-Logo-Button.jpg 712w, https:\/\/ml-aquaponics.com\/wp-content\/uploads\/2023\/05\/Horti-Daily-Logo-Button-300x179.jpg 300w\" sizes=\"auto, (max-width: 253px) 100vw, 253px\" \/><\/a><\/figure>\n\n\n\n<figure class=\"wp-block-image size-full is-resized\"><a href=\"http:\/\/www.canadianaquaponics.com\/2014\/08\/pioneering-aquaponics-farm-in-quebec.html\" target=\"_blank\" rel=\"noreferrer noopener\"><img loading=\"lazy\" decoding=\"async\" src=\"https:\/\/ml-aquaponics.com\/wp-content\/uploads\/2023\/05\/Canadian-Aquaponics-Logo-3.jpg\" alt=\"\" class=\"wp-image-1059\" width=\"254\" height=\"152\" srcset=\"https:\/\/ml-aquaponics.com\/wp-content\/uploads\/2023\/05\/Canadian-Aquaponics-Logo-3.jpg 718w, https:\/\/ml-aquaponics.com\/wp-content\/uploads\/2023\/05\/Canadian-Aquaponics-Logo-3-300x180.jpg 300w\" sizes=\"auto, (max-width: 254px) 100vw, 254px\" \/><\/a><\/figure>\n\n\n\n<figure class=\"wp-block-image size-full is-resized\"><a href=\"https:\/\/www.hortidaily.com\/article\/8291\/Canada-ML-Aquaponics,-a-pioneer-in-commercial-aquaponics-cultivation\/\" target=\"_blank\" rel=\"noreferrer noopener\"><img loading=\"lazy\" decoding=\"async\" src=\"https:\/\/ml-aquaponics.com\/wp-content\/uploads\/2023\/05\/Horti-Daily-Logo-Button-1.jpg\" alt=\"\" class=\"wp-image-1061\" width=\"253\" height=\"151\" srcset=\"https:\/\/ml-aquaponics.com\/wp-content\/uploads\/2023\/05\/Horti-Daily-Logo-Button-1.jpg 712w, https:\/\/ml-aquaponics.com\/wp-content\/uploads\/2023\/05\/Horti-Daily-Logo-Button-1-300x179.jpg 300w\" sizes=\"auto, (max-width: 253px) 100vw, 253px\" \/><\/a><\/figure>\n\n\n\n<figure class=\"wp-block-image size-full is-resized\"><a href=\"https:\/\/www.aquaponiefrance.com\/actualites\/une-serre-aquaponique-geante-a-montreal.html\" target=\"_blank\" rel=\"noreferrer noopener\"><img loading=\"lazy\" decoding=\"async\" src=\"https:\/\/ml-aquaponics.com\/wp-content\/uploads\/2023\/05\/Aquaponie-France-Logo-Button-2.jpg\" alt=\"\" class=\"wp-image-1062\" width=\"258\" height=\"153\" srcset=\"https:\/\/ml-aquaponics.com\/wp-content\/uploads\/2023\/05\/Aquaponie-France-Logo-Button-2.jpg 718w, https:\/\/ml-aquaponics.com\/wp-content\/uploads\/2023\/05\/Aquaponie-France-Logo-Button-2-300x178.jpg 300w\" sizes=\"auto, (max-width: 258px) 100vw, 258px\" \/><\/a><\/figure>\n\n\n\n<figure class=\"wp-block-image size-full is-resized\"><a href=\"https:\/\/www.hortidaily.com\/article\/9496897\/affordable-organic-foods-can-be-produced-from-commercial-aquaponic-greenhouse-farms\/\" target=\"_blank\" rel=\"noreferrer noopener\"><img loading=\"lazy\" decoding=\"async\" src=\"https:\/\/ml-aquaponics.com\/wp-content\/uploads\/2023\/05\/Horti-Daily-Logo-Button-2.jpg\" alt=\"\" class=\"wp-image-1063\" width=\"264\" height=\"157\" srcset=\"https:\/\/ml-aquaponics.com\/wp-content\/uploads\/2023\/05\/Horti-Daily-Logo-Button-2.jpg 712w, https:\/\/ml-aquaponics.com\/wp-content\/uploads\/2023\/05\/Horti-Daily-Logo-Button-2-300x179.jpg 300w\" sizes=\"auto, (max-width: 264px) 100vw, 264px\" \/><\/a><\/figure>\n<\/div>\n\n\n\n<hr class=\"wp-block-separator has-text-color has-nv-site-bg-color has-alpha-channel-opacity has-nv-site-bg-background-color has-background\"\/>\n\n\n\n<div class=\"wp-block-group alignwide is-content-justification-center is-nowrap is-layout-flex wp-container-core-group-is-layout-94bc23d7 wp-block-group-is-layout-flex\">\n<figure class=\"wp-block-image size-full is-resized\"><a href=\"https:\/\/acrobat.adobe.com\/id\/urn:aaid:sc:VA6C2:7ed22af6-a069-40b5-9315-06fac34da194\" target=\"_blank\" rel=\"noreferrer noopener\"><img loading=\"lazy\" decoding=\"async\" src=\"https:\/\/ml-aquaponics.com\/wp-content\/uploads\/2023\/05\/La-Terre-Logo.jpg\" alt=\"\" class=\"wp-image-1065\" width=\"247\" height=\"146\" srcset=\"https:\/\/ml-aquaponics.com\/wp-content\/uploads\/2023\/05\/La-Terre-Logo.jpg 715w, https:\/\/ml-aquaponics.com\/wp-content\/uploads\/2023\/05\/La-Terre-Logo-300x177.jpg 300w\" sizes=\"auto, (max-width: 247px) 100vw, 247px\" \/><\/a><\/figure>\n\n\n\n<figure class=\"wp-block-image size-full is-resized\"><a href=\"https:\/\/www.greenhousecanada.com\/fish-in-the-profits-4117\/\" target=\"_blank\" rel=\"noreferrer noopener\"><img loading=\"lazy\" decoding=\"async\" src=\"https:\/\/ml-aquaponics.com\/wp-content\/uploads\/2023\/05\/Greenhouse-Canada-Logo-Button.jpg\" alt=\"\" class=\"wp-image-1066\" width=\"254\" height=\"150\" srcset=\"https:\/\/ml-aquaponics.com\/wp-content\/uploads\/2023\/05\/Greenhouse-Canada-Logo-Button.jpg 714w, https:\/\/ml-aquaponics.com\/wp-content\/uploads\/2023\/05\/Greenhouse-Canada-Logo-Button-300x178.jpg 300w\" sizes=\"auto, (max-width: 254px) 100vw, 254px\" \/><\/a><\/figure>\n\n\n\n<figure class=\"wp-block-image size-full is-resized\"><a href=\"https:\/\/www.lapresse.ca\/photos\/maison\/habitation\/201602\/24\/01-4954096-lintrigante-culture-de-martin-desmarais.php\" target=\"_blank\" rel=\"noreferrer noopener\"><img loading=\"lazy\" decoding=\"async\" src=\"https:\/\/ml-aquaponics.com\/wp-content\/uploads\/2023\/05\/La-Presse-Logo-Button.jpg\" alt=\"\" class=\"wp-image-1067\" width=\"258\" height=\"151\" srcset=\"https:\/\/ml-aquaponics.com\/wp-content\/uploads\/2023\/05\/La-Presse-Logo-Button.jpg 718w, https:\/\/ml-aquaponics.com\/wp-content\/uploads\/2023\/05\/La-Presse-Logo-Button-300x175.jpg 300w\" sizes=\"auto, (max-width: 258px) 100vw, 258px\" \/><\/a><\/figure>\n\n\n\n<figure class=\"wp-block-image size-full is-resized\"><a href=\"https:\/\/acrobat.adobe.com\/id\/urn:aaid:sc:VA6C2:70fe6a8a-f6c1-4420-97c0-1c23568064d2\" target=\"_blank\" rel=\"noreferrer noopener\"><img loading=\"lazy\" decoding=\"async\" src=\"https:\/\/ml-aquaponics.com\/wp-content\/uploads\/2023\/05\/The-Gazette-Logo-Button.jpg\" alt=\"\" class=\"wp-image-1068\" width=\"260\" height=\"153\" srcset=\"https:\/\/ml-aquaponics.com\/wp-content\/uploads\/2023\/05\/The-Gazette-Logo-Button.jpg 719w, https:\/\/ml-aquaponics.com\/wp-content\/uploads\/2023\/05\/The-Gazette-Logo-Button-300x176.jpg 300w\" sizes=\"auto, (max-width: 260px) 100vw, 260px\" \/><\/a><\/figure>\n\n\n\n<figure class=\"wp-block-image size-full is-resized\"><a href=\"https:\/\/www.hortidaily.com\/article\/6035293\/soilless-organics-discussion-is-a-silly-rich-country-debate\/\" target=\"_blank\" rel=\"noreferrer noopener\"><img loading=\"lazy\" decoding=\"async\" src=\"https:\/\/ml-aquaponics.com\/wp-content\/uploads\/2023\/05\/Horti-Daily-Logo-Button-3.jpg\" alt=\"\" class=\"wp-image-1064\" width=\"260\" height=\"155\" srcset=\"https:\/\/ml-aquaponics.com\/wp-content\/uploads\/2023\/05\/Horti-Daily-Logo-Button-3.jpg 712w, https:\/\/ml-aquaponics.com\/wp-content\/uploads\/2023\/05\/Horti-Daily-Logo-Button-3-300x179.jpg 300w\" sizes=\"auto, (max-width: 260px) 100vw, 260px\" \/><\/a><\/figure>\n<\/div>\n\n\n\n<div style=\"height:49px\" aria-hidden=\"true\" class=\"wp-block-spacer\"><\/div>\n\n\n\n<p class=\"has-text-align-center has-nv-dark-bg-color has-text-color has-background has-medium-font-size\" style=\"background-color:#8596b9\"><mark style=\"background-color:rgba(0, 0, 0, 0)\" class=\"has-inline-color has-nv-site-bg-color\"><strong>Commentaires<\/strong><\/mark><\/p>\n\n\n\n<hr class=\"wp-block-separator has-text-color has-nv-site-bg-color has-alpha-channel-opacity has-nv-site-bg-background-color has-background\"\/>\n\n\n\n<div class=\"wp-block-columns are-vertically-aligned-top is-layout-flex wp-container-core-columns-is-layout-9d6595d7 wp-block-columns-is-layout-flex\">\n<div class=\"wp-block-column is-vertically-aligned-top is-layout-flow wp-block-column-is-layout-flow\" style=\"flex-basis:35%\"><div class=\"wp-block-image\">\n<figure class=\"aligncenter size-full is-resized\"><img loading=\"lazy\" decoding=\"async\" src=\"https:\/\/ml-aquaponics.com\/wp-content\/uploads\/2023\/05\/Aquaponie-France-Logo-Button-2-1.jpg\" alt=\"\" class=\"wp-image-1069\" width=\"182\" height=\"108\" srcset=\"https:\/\/ml-aquaponics.com\/wp-content\/uploads\/2023\/05\/Aquaponie-France-Logo-Button-2-1.jpg 718w, https:\/\/ml-aquaponics.com\/wp-content\/uploads\/2023\/05\/Aquaponie-France-Logo-Button-2-1-300x178.jpg 300w\" sizes=\"auto, (max-width: 182px) 100vw, 182px\" \/><\/figure>\n<\/div><\/div>\n\n\n\n<div class=\"wp-block-column is-vertically-aligned-top is-layout-flow wp-block-column-is-layout-flow\" style=\"flex-basis:100%\">\n<p style=\"font-size:17px\"><em>Cette ferme aquaponique est situ\u00e9e \u00e0 45 minutes de route au nord de Montr\u00e9al, Qu\u00e9bec. Sans engrais chimiques, insecticides, fongicides ou algicides, cette serre familiale a d\u00e9j\u00e0 produit plus de 2,6 millions de laitues et plus de 121 000 filets de truite fum\u00e9e depuis sa premi\u00e8re r\u00e9colte en juin 2005. Le tout en utilisant seulement 2,5 1 d'eau par minute. Il s'agit d'une perc\u00e9e majeure dans la conservation de l'eau. Au fil des ann\u00e9es, cette culture aquaponique a su perfectionner ses syst\u00e8mes pour arriver \u00e0 de tels r\u00e9sultats.<\/em><\/p>\n\n\n\n<p style=\"font-size:17px\"><em>Aquaponie France, Juin 2015<\/em><\/p>\n<\/div>\n<\/div>\n\n\n\n<hr class=\"wp-block-separator has-alpha-channel-opacity\"\/>\n\n\n\n<div class=\"wp-block-columns are-vertically-aligned-center is-layout-flex wp-container-core-columns-is-layout-9d6595d7 wp-block-columns-is-layout-flex\">\n<div class=\"wp-block-column is-vertically-aligned-center is-layout-flow wp-block-column-is-layout-flow\" style=\"flex-basis:35%\"><div class=\"wp-block-image\">\n<figure class=\"aligncenter size-full is-resized\"><img loading=\"lazy\" decoding=\"async\" src=\"https:\/\/ml-aquaponics.com\/wp-content\/uploads\/2023\/05\/La-Terre-Logo-1.jpg\" alt=\"\" class=\"wp-image-1071\" width=\"183\" height=\"108\" srcset=\"https:\/\/ml-aquaponics.com\/wp-content\/uploads\/2023\/05\/La-Terre-Logo-1.jpg 715w, https:\/\/ml-aquaponics.com\/wp-content\/uploads\/2023\/05\/La-Terre-Logo-1-300x177.jpg 300w\" sizes=\"auto, (max-width: 183px) 100vw, 183px\" \/><\/figure>\n<\/div><\/div>\n\n\n\n<div class=\"wp-block-column is-vertically-aligned-center is-layout-flow wp-block-column-is-layout-flow\" style=\"flex-basis:100%\">\n<p style=\"font-size:17px\"><em>Depuis 12 ans, l'aquaponie commerciale au Qu\u00e9bec est incarn\u00e9e par un seul acteur, mais maintenant de jeunes entrepreneurs lorgnent \u00e9galement sur cette avenue. Pionnier qu\u00e9b\u00e9cois de l'aquaponie, Marc Laberge a commenc\u00e9 \u00e0 cultiver de la laitue Boston sur un \u00e9tang \u00e0 truites arc-en-ciel \u00e0 Sainte-Agathe-des-Monts, dans les Laurentides, en 2004.<\/em><\/p>\n\n\n\n<p style=\"font-size:17px\"><em>La Terre de chez Nous, Avril 2017<\/em><\/p>\n<\/div>\n<\/div>\n\n\n\n<hr class=\"wp-block-separator has-alpha-channel-opacity\"\/>\n\n\n\n<div class=\"wp-block-columns are-vertically-aligned-center is-layout-flex wp-container-core-columns-is-layout-9d6595d7 wp-block-columns-is-layout-flex\">\n<div class=\"wp-block-column is-vertically-aligned-center is-layout-flow wp-block-column-is-layout-flow\" style=\"flex-basis:35%\"><div class=\"wp-block-image\">\n<figure class=\"aligncenter size-full is-resized\"><img loading=\"lazy\" decoding=\"async\" src=\"https:\/\/ml-aquaponics.com\/wp-content\/uploads\/2023\/05\/Horti-Daily-Logo-Button-4.jpg\" alt=\"\" class=\"wp-image-1073\" width=\"181\" height=\"108\" srcset=\"https:\/\/ml-aquaponics.com\/wp-content\/uploads\/2023\/05\/Horti-Daily-Logo-Button-4.jpg 712w, https:\/\/ml-aquaponics.com\/wp-content\/uploads\/2023\/05\/Horti-Daily-Logo-Button-4-300x179.jpg 300w\" sizes=\"auto, (max-width: 181px) 100vw, 181px\" \/><\/figure>\n<\/div><\/div>\n\n\n\n<div class=\"wp-block-column is-vertically-aligned-center is-layout-flow wp-block-column-is-layout-flow\" style=\"flex-basis:100%\">\n<p style=\"font-size:17px\"><em>Depuis le d\u00e9but des ann\u00e9es 1990, Marc Laberge, fondateur et pr\u00e9sident de l'entreprise canadienne ML Aquaponics inc., r\u00eavait de concevoir la pisciculture parfaite apr\u00e8s en avoir dirig\u00e9 une grande au Qu\u00e9bec, et travaill\u00e9 comme parasitologue de poissons \u00e0 l'Institut de parasitologie de l'Universit\u00e9 McGill, o\u00f9 il a appris les syst\u00e8mes de recirculation. L'exp\u00e9rience lui a permis d'aborder le domaine de l'aquaponie, du c\u00f4t\u00e9 des poissons contrairement \u00e0 la plupart des gens qui approchent du c\u00f4t\u00e9 des plantes et trouvent que l'\u00e9levage de poissons peut \u00eatre difficile, en particulier les poissons haut de gamme.<\/em><\/p>\n\n\n\n<p style=\"font-size:17px\"><em>Horti Quotidien, Avril 2014<\/em><\/p>\n<\/div>\n<\/div>\n\n\n\n<hr class=\"wp-block-separator has-alpha-channel-opacity\"\/>\n\n\n\n<div class=\"wp-block-columns are-vertically-aligned-center is-layout-flex wp-container-core-columns-is-layout-9d6595d7 wp-block-columns-is-layout-flex\">\n<div class=\"wp-block-column is-vertically-aligned-center is-layout-flow wp-block-column-is-layout-flow\" style=\"flex-basis:35%\"><div class=\"wp-block-image\">\n<figure class=\"aligncenter size-full is-resized\"><img loading=\"lazy\" decoding=\"async\" src=\"https:\/\/ml-aquaponics.com\/wp-content\/uploads\/2023\/05\/DE-Logp-Button-2.jpg\" alt=\"\" class=\"wp-image-1077\" width=\"181\" height=\"107\" srcset=\"https:\/\/ml-aquaponics.com\/wp-content\/uploads\/2023\/05\/DE-Logp-Button-2.jpg 648w, https:\/\/ml-aquaponics.com\/wp-content\/uploads\/2023\/05\/DE-Logp-Button-2-300x178.jpg 300w\" sizes=\"auto, (max-width: 181px) 100vw, 181px\" \/><\/figure>\n<\/div><\/div>\n\n\n\n<div class=\"wp-block-column is-vertically-aligned-center is-layout-flow wp-block-column-is-layout-flow\" style=\"flex-basis:100%\">\n<p style=\"font-size:17px\"><em>Nous sommes \u00e0 Sainte-Agathe-des-Monts au si\u00e8ge social de Marc Laberge dans une tr\u00e8s grande serre servant de centre de recherche sur l'aquaponie. Il est l'instigateur de cet immense projet o\u00f9 depuis plus de vingt ans il travaille d'arrache-pied pour trouver l'\u00e9quilibre entre tous les \u00e9l\u00e9ments qui composeront la toile finale de son ambition. Le but ultime, trouver une harmonie entre la pisciculture et la culture des plantes afin que la premi\u00e8re serve la seconde tout en exploitant l'eau comme fil conducteur.<\/em><\/p>\n\n\n\n<p style=\"font-size:17px\"><em>Deux entremetteurs, F\u00e9vrier 2016<\/em> (Origine Inconnue)<\/p>\n<\/div>\n<\/div>\n\n\n\n<hr class=\"wp-block-separator has-text-color has-nv-site-bg-color has-alpha-channel-opacity has-nv-site-bg-background-color has-background\"\/>\n\n\n<nav style=\"color: #8596b0; font-size:15px;\" class=\"has-text-color is-responsive items-justified-right no-wrap alignwide wp-block-navigation is-horizontal is-content-justification-right is-nowrap is-layout-flex wp-container-core-navigation-is-layout-f3a42c6d wp-block-navigation-is-layout-flex\" aria-label=\"Navigation 2\" \n\t\t data-wp-interactive=\"core\/navigation\" data-wp-context='{\"overlayOpenedBy\":{\"click\":false,\"hover\":false,\"focus\":false},\"type\":\"overlay\",\"roleAttribute\":\"\",\"ariaLabel\":\"Menu\"}'><button aria-haspopup=\"dialog\" aria-label=\"Ouvrir le menu\" class=\"wp-block-navigation__responsive-container-open\" \n\t\t\t\tdata-wp-on--click=\"actions.openMenuOnClick\"\n\t\t\t\tdata-wp-on--keydown=\"actions.handleMenuKeydown\"\n\t\t\t><svg width=\"24\" height=\"24\" xmlns=\"http:\/\/www.w3.org\/2000\/svg\" viewbox=\"0 0 24 24\"><path d=\"M5 5v1.5h14V5H5z\"><\/path><path d=\"M5 12.8h14v-1.5H5v1.5z\"><\/path><path d=\"M5 19h14v-1.5H5V19z\"><\/path><\/svg><\/button>\n\t\t\t\t<div class=\"wp-block-navigation__responsive-container\"  id=\"modal-1\" \n\t\t\t\tdata-wp-class--has-modal-open=\"state.isMenuOpen\"\n\t\t\t\tdata-wp-class--is-menu-open=\"state.isMenuOpen\"\n\t\t\t\tdata-wp-watch=\"callbacks.initMenu\"\n\t\t\t\tdata-wp-on--keydown=\"actions.handleMenuKeydown\"\n\t\t\t\tdata-wp-on--focusout=\"actions.handleMenuFocusout\"\n\t\t\t\ttabindex=\"-1\"\n\t\t\t>\n\t\t\t\t\t<div class=\"wp-block-navigation__responsive-close\" tabindex=\"-1\">\n\t\t\t\t\t\t<div class=\"wp-block-navigation__responsive-dialog\" \n\t\t\t\tdata-wp-bind--aria-modal=\"state.ariaModal\"\n\t\t\t\tdata-wp-bind--aria-label=\"state.ariaLabel\"\n\t\t\t\tdata-wp-bind--role=\"state.roleAttribute\"\n\t\t\t>\n\t\t\t\t\t\t\t<button aria-label=\"Fermer le menu\" class=\"wp-block-navigation__responsive-container-close\" \n\t\t\t\tdata-wp-on--click=\"actions.closeMenuOnClick\"\n\t\t\t><svg xmlns=\"http:\/\/www.w3.org\/2000\/svg\" viewbox=\"0 0 24 24\" width=\"24\" height=\"24\" aria-hidden=\"true\" focusable=\"false\"><path d=\"m13.06 12 6.47-6.47-1.06-1.06L12 10.94 5.53 4.47 4.47 5.53 10.94 12l-6.47 6.47 1.06 1.06L12 13.06l6.47 6.47 1.06-1.06L13.06 12Z\"><\/path><\/svg><\/button>\n\t\t\t\t\t\t\t<div class=\"wp-block-navigation__responsive-container-content\" \n\t\t\t\tdata-wp-watch=\"callbacks.focusFirstElement\"\n\t\t\t id=\"modal-1-content\">\n\t\t\t\t\t\t\t\t<ul style=\"color: #8596b0; font-size:15px;\" class=\"wp-block-navigation__container has-text-color is-responsive items-justified-right no-wrap alignwide wp-block-navigation\"><li style=\"font-size: 15px; font-size:17px;\" class=\"wp-block-navigation-item wp-block-navigation-link\"><a class=\"wp-block-navigation-item__content\"  href=\"https:\/\/ml-aquaponics.com\/fr\/\"><span class=\"wp-block-navigation-item__label\">Accueil<\/span><\/a><\/li><li style=\"font-size: 15px; font-size:17px;\" class=\"wp-block-navigation-item wp-block-navigation-link\"><a class=\"wp-block-navigation-item__content\"  href=\"https:\/\/ml-aquaponics.com\/fr\/team\/\"><span class=\"wp-block-navigation-item__label\">\u00c9quipe<\/span><\/a><\/li><li style=\"font-size: 15px; font-size:17px;\" class=\"wp-block-navigation-item wp-block-navigation-link\"><a class=\"wp-block-navigation-item__content\"  href=\"https:\/\/ml-aquaponics.com\/fr\/Services\/\"><span class=\"wp-block-navigation-item__label\">Services<\/span><\/a><\/li><li style=\"font-size: 15px; font-size:17px;\" class=\"wp-block-navigation-item wp-block-navigation-link\"><a class=\"wp-block-navigation-item__content\"  href=\"https:\/\/ml-aquaponics.com\/fr\/Expertise\/\"><span class=\"wp-block-navigation-item__label\">Expertise<\/span><\/a><\/li><li style=\"font-size: 15px; font-size:17px;\" class=\"wp-block-navigation-item wp-block-navigation-link\"><a class=\"wp-block-navigation-item__content\"  href=\"https:\/\/ml-aquaponics.com\/fr\/media\/\"><span class=\"wp-block-navigation-item__label\">M\u00e9dias<\/span><\/a><\/li><li style=\"font-size: 15px; font-size:17px;\" class=\"wp-block-navigation-item wp-block-navigation-link\"><a class=\"wp-block-navigation-item__content\"  href=\"https:\/\/ml-aquaponics.com\/fr\/contact-us\/\"><span class=\"wp-block-navigation-item__label\">Contact<\/span><\/a><\/li><li style=\"font-size: 15px; font-size:17px;\" class=\"wp-block-navigation-item wp-block-navigation-link\"><a class=\"wp-block-navigation-item__content\"  href=\"https:\/\/ml-aquaponics.com\/fr\/accueil\/\"><span class=\"wp-block-navigation-item__label\">EN<\/span><\/a><\/li><\/ul>\n\t\t\t\t\t\t\t<\/div>\n\t\t\t\t\t\t<\/div>\n\t\t\t\t\t<\/div>\n\t\t\t\t<\/div><\/nav>","protected":false},"excerpt":{"rendered":"<p>Media Articles Reviews This aquaponics farm is located a 45-minute drive north of Montreal, Quebec. Without any chemical fertilizers, insecticides, fungicides or algaecides, this family greenhouse has already produced more than 2.6 million lettuces and more than 121,000 smoked trout fillets since its first harvest in June 2005. All using only 2.5 I of water&hellip;&nbsp;<a href=\"https:\/\/ml-aquaponics.com\/fr\/media\/\" rel=\"bookmark\">Lire la suite &raquo;<span class=\"screen-reader-text\">M\u00e9dias<\/span><\/a><\/p>","protected":false},"author":1,"featured_media":467,"parent":0,"menu_order":4,"comment_status":"closed","ping_status":"closed","template":"","meta":{"neve_meta_sidebar":"full-width","neve_meta_container":"full-width","neve_meta_enable_content_width":"on","neve_meta_content_width":100,"neve_meta_title_alignment":"","neve_meta_author_avatar":"","neve_post_elements_order":"","neve_meta_disable_header":"off","neve_meta_disable_footer":"","neve_meta_disable_title":"on","footnotes":""},"class_list":["post-2","page","type-page","status-publish","has-post-thumbnail","hentry"],"_links":{"self":[{"href":"https:\/\/ml-aquaponics.com\/fr\/wp-json\/wp\/v2\/pages\/2","targetHints":{"allow":["GET"]}}],"collection":[{"href":"https:\/\/ml-aquaponics.com\/fr\/wp-json\/wp\/v2\/pages"}],"about":[{"href":"https:\/\/ml-aquaponics.com\/fr\/wp-json\/wp\/v2\/types\/page"}],"author":[{"embeddable":true,"href":"https:\/\/ml-aquaponics.com\/fr\/wp-json\/wp\/v2\/users\/1"}],"replies":[{"embeddable":true,"href":"https:\/\/ml-aquaponics.com\/fr\/wp-json\/wp\/v2\/comments?post=2"}],"version-history":[{"count":75,"href":"https:\/\/ml-aquaponics.com\/fr\/wp-json\/wp\/v2\/pages\/2\/revisions"}],"predecessor-version":[{"id":1363,"href":"https:\/\/ml-aquaponics.com\/fr\/wp-json\/wp\/v2\/pages\/2\/revisions\/1363"}],"wp:featuredmedia":[{"embeddable":true,"href":"https:\/\/ml-aquaponics.com\/fr\/wp-json\/wp\/v2\/media\/467"}],"wp:attachment":[{"href":"https:\/\/ml-aquaponics.com\/fr\/wp-json\/wp\/v2\/media?parent=2"}],"curies":[{"name":"wp","href":"https:\/\/api.w.org\/{rel}","templated":true}]}}